{"id":987500692,"date":"2025-07-30T20:39:32","date_gmt":"2025-07-30T20:39:32","guid":{"rendered":"https:\/\/www.cieljets.com\/?page_id=987500692"},"modified":"2025-07-30T21:06:36","modified_gmt":"2025-07-30T21:06:36","slug":"environmental-commitment-disclosure","status":"publish","type":"page","link":"https:\/\/www.cieljets.com\/pt\/environmental-commitment-disclosure\/","title":{"rendered":"Divulga\u00e7\u00e3o do compromisso ambiental"},"content":{"rendered":"<p>[et_pb_section fb_built=&#8221;1&#8243; _builder_version=&#8221;4.27.4&#8243; _module_preset=&#8221;default&#8221; background_color=&#8221;#0F132A&#8221; da_disable_devices=&#8221;off|off|off&#8221; global_colors_info=&#8221;{}&#8221; da_is_popup=&#8221;off&#8221; da_exit_intent=&#8221;off&#8221; da_has_close=&#8221;on&#8221; da_alt_close=&#8221;off&#8221; da_dark_close=&#8221;off&#8221; da_not_modal=&#8221;on&#8221; da_is_singular=&#8221;off&#8221; da_with_loader=&#8221;off&#8221; da_has_shadow=&#8221;on&#8221;][et_pb_row _builder_version=&#8221;4.27.4&#8243; _module_preset=&#8221;default&#8221; custom_margin=&#8221;10vh||||false|false&#8221; global_colors_info=&#8221;{}&#8221;][et_pb_column type=&#8221;4_4&#8243; _builder_version=&#8221;4.27.4&#8243; _module_preset=&#8221;default&#8221; global_colors_info=&#8221;{}&#8221;][et_pb_text _builder_version=&#8221;4.27.4&#8243; _module_preset=&#8221;default&#8221; text_font=&#8221;Josefin Sans||||||||&#8221; text_text_color=&#8221;#FFFFFF&#8221; text_font_size=&#8221;18px&#8221; header_font=&#8221;Prata||||||||&#8221; header_text_color=&#8221;#DBB13B&#8221; header_2_font=&#8221;Josefin Sans||||||||&#8221; header_2_text_color=&#8221;#DBB13B&#8221; hover_enabled=&#8221;0&#8243; global_colors_info=&#8221;{}&#8221; header_5_font=&#8221;Ciel||||||||&#8221; header_5_text_color=&#8221;#FFFFFF&#8221; header_5_font_size=&#8221;21px&#8221; sticky_enabled=&#8221;0&#8243;]<em>\u00daltima atualiza\u00e7\u00e3o: 30 de julho de 2025<\/em><\/p>\n<p><strong>\u00a0<\/strong><\/p>\n<h1>Divulga\u00e7\u00e3o do impacto clim\u00e1tico e do compromisso ambiental<\/h1>\n<p style=\"display: inline;\">Em<\/p>\n<h5 style=\"display: inline;\">Jactos Ciel<\/h5>\n<p style=\"display: inline;\">Na nossa empresa, reconhecemos que o futuro da avia\u00e7\u00e3o privada deve ser equilibrado com as realidades clim\u00e1ticas urgentes. Como uma empresa de avia\u00e7\u00e3o privada de luxo, estamos empenhados em procurar a transpar\u00eancia, a responsabilidade e a inova\u00e7\u00e3o para ajudar a mitigar o nosso impacto ambiental e contribuir para um futuro mais sustent\u00e1vel.<\/p>\n<h2><b data-ogsc=\"\" data-olk-copy-source=\"MessageBody\"><\/b><\/h2>\n<h2><b data-ogsc=\"\" data-olk-copy-source=\"MessageBody\"><\/b><\/h2>\n<h2><b data-ogsc=\"\" data-olk-copy-source=\"MessageBody\">O nosso compromisso com a responsabilidade clim\u00e1tica<\/b><\/h2>\n<div class=\"x_elementToProof\" data-ogsc=\"rgb(0, 0, 0)\">\n<h5 style=\"display: inline;\">Jactos Ciel<\/h5>\n<p style=\"display: inline;\"> est\u00e1 ativamente empenhada na transi\u00e7\u00e3o para uma economia de baixo carbono. Reconhecemos as emiss\u00f5es associadas \u00e0s viagens em jactos privados e estamos a tomar as seguintes medidas para alinhar as nossas opera\u00e7\u00f5es com as melhores pr\u00e1ticas ambientais:<\/p>\n<\/div>\n<div class=\"x_elementToProof\" data-ogsc=\"rgb(0, 0, 0)\"><b data-ogsc=\"\">1. Transpar\u00eancia do carbono<\/b><\/div>\n<ul data-spread=\"false\">\n<li data-ogsc=\"rgb(0, 0, 0)\">\n<div role=\"presentation\" data-ogsc=\"\">A pedido, fornecemos aos clientes estimativas da pegada de carbono por voo.<\/div>\n<\/li>\n<li data-ogsc=\"rgb(0, 0, 0)\">\n<div role=\"presentation\" data-ogsc=\"\">Trabalhamos com fornecedores de compensa\u00e7\u00e3o de carbono verificados para apoiar projectos de refloresta\u00e7\u00e3o, energia renov\u00e1vel e conserva\u00e7\u00e3o a n\u00edvel mundial.<\/div>\n<\/li>\n<\/ul>\n<div class=\"x_elementToProof\" data-ogsc=\"rgb(0, 0, 0)\"><b data-ogsc=\"\">2. Combust\u00edvel sustent\u00e1vel para a avia\u00e7\u00e3o (SAF)<\/b><\/div>\n<ul data-spread=\"false\">\n<li data-ogsc=\"rgb(0, 0, 0)\">\n<div role=\"presentation\" data-ogsc=\"\">Estamos em discuss\u00f5es activas com os fornecedores e operadores de SAF para incorporar combust\u00edveis sustent\u00e1veis sempre que dispon\u00edveis.<\/div>\n<\/li>\n<li data-ogsc=\"rgb(0, 0, 0)\">\n<div role=\"presentation\" data-ogsc=\"\">O nosso objetivo \u00e9 dar prioridade aos operadores que tenham demonstrado a utiliza\u00e7\u00e3o de SAF e a gest\u00e3o ambiental.<\/div>\n<\/li>\n<\/ul>\n<div class=\"x_elementToProof\" data-ogsc=\"rgb(0, 0, 0)\"><b data-ogsc=\"\">3. Normas de efici\u00eancia das aeronaves<\/b><\/div>\n<ul data-spread=\"false\">\n<li data-ogsc=\"rgb(0, 0, 0)\">\n<div role=\"presentation\" data-ogsc=\"\">Na nossa rede de voos charter, damos prefer\u00eancia a avi\u00f5es de nova gera\u00e7\u00e3o e eficientes em termos de combust\u00edvel.<\/div>\n<\/li>\n<li data-ogsc=\"rgb(0, 0, 0)\">\n<div role=\"presentation\" data-ogsc=\"\">Realizamos auditorias internas \u00e0s frotas dos operadores para compreender o desempenho em termos de efici\u00eancia e emiss\u00f5es.<\/div>\n<\/li>\n<\/ul>\n<div class=\"x_elementToProof\" data-ogsc=\"rgb(0, 0, 0)\"><b data-ogsc=\"\">4. Parcerias sustent\u00e1veis<\/b><\/div>\n<ul data-spread=\"false\">\n<li data-ogsc=\"rgb(0, 0, 0)\">\n<div role=\"presentation\" data-ogsc=\"\">Estamos a candidatar-nos \u00e0 ades\u00e3o \u00e0 Associa\u00e7\u00e3o Internacional de Com\u00e9rcio de Emiss\u00f5es (IETA).<\/div>\n<\/li>\n<li data-ogsc=\"rgb(0, 0, 0)\">\n<div role=\"presentation\" data-ogsc=\"\">Colaboramos com parceiros ecologicamente conscientes nos sectores da hotelaria e dos transportes para criar viagens de luxo integradas e com menor impacto.<\/div>\n<\/li>\n<\/ul>\n<div class=\"x_elementToProof\" data-ogsc=\"rgb(0, 0, 0)\"><b data-ogsc=\"\">5. Educa\u00e7\u00e3o e envolvimento do cliente<\/b><\/div>\n<ul data-spread=\"false\">\n<li data-ogsc=\"rgb(0, 0, 0)\">\n<div role=\"presentation\" data-ogsc=\"\">Oferecemos oportunidades de compensa\u00e7\u00e3o opcionais para cada voo.<\/div>\n<\/li>\n<li data-ogsc=\"rgb(0, 0, 0)\">\n<div role=\"presentation\" data-ogsc=\"\">Partilhamos conhecimentos e recursos sobre sustentabilidade com os nossos clientes, encorajando-os a tomar decis\u00f5es informadas.<\/div>\n<\/li>\n<\/ul>\n<hr \/>\n<h2 class=\"x_elementToProof\" data-ogsc=\"rgb(0, 0, 0)\"><b data-ogsc=\"\"><\/b><\/h2>\n<h2 class=\"x_elementToProof\" data-ogsc=\"rgb(0, 0, 0)\"><b data-ogsc=\"\"><\/b><\/h2>\n<h2 class=\"x_elementToProof\" data-ogsc=\"rgb(0, 0, 0)\"><b data-ogsc=\"\">Objectivos prospectivos<\/b><\/h2>\n<ul data-spread=\"false\">\n<li data-ogsc=\"rgb(0, 0, 0)\">\n<div role=\"presentation\" data-ogsc=\"\">Lan\u00e7ar um relat\u00f3rio formal de sustentabilidade em 2026.<\/div>\n<\/li>\n<li data-ogsc=\"rgb(0, 0, 0)\">\n<div role=\"presentation\" data-ogsc=\"\">Estabelecer parcerias com fornecedores de SAF para obter itiner\u00e1rios garantidos por SAF.<\/div>\n<\/li>\n<li data-ogsc=\"rgb(0, 0, 0)\">\n<div role=\"presentation\" data-ogsc=\"\">Desenvolver um programa de charter ecol\u00f3gico orientado por um concierge.<\/div>\n<\/li>\n<li data-ogsc=\"rgb(0, 0, 0)\">\n<div role=\"presentation\" data-ogsc=\"\">Investir em iniciativas de avia\u00e7\u00e3o limpa como parte da nossa estrat\u00e9gia a longo prazo.<\/div>\n<\/li>\n<\/ul>\n<hr \/>\n<h2 class=\"x_elementToProof\" data-ogsc=\"rgb(0, 0, 0)\"><b data-ogsc=\"\"><\/b><\/h2>\n<h2 class=\"x_elementToProof\" data-ogsc=\"rgb(0, 0, 0)\"><b data-ogsc=\"\"><\/b><\/h2>\n<h2 class=\"x_elementToProof\" data-ogsc=\"rgb(0, 0, 0)\"><b data-ogsc=\"\">Contacto e perguntas<\/b><\/h2>\n<div class=\"x_elementToProof\" data-ogsc=\"rgb(0, 0, 0)\">Agradecemos o feedback e a colabora\u00e7\u00e3o dos clientes, parceiros e p\u00fablico em geral.<\/div>\n<div class=\"x_elementToProof\" data-ogsc=\"rgb(0, 0, 0)\"><b data-ogsc=\"\">Correio eletr\u00f3nico:<\/b>\u00a0<a href=\"mailto:sustainability@cieljets.com\" target=\"_blank\" rel=\"noopener\">sustainability@cieljets.com<\/a><br \/>\n<b data-ogsc=\"\">Telefone:<\/b>\u00a0<a href=\"tel:15618957000\">+1 561-895-7000<\/a><\/div>\n<hr \/>\n<div class=\"x_elementToProof\" data-ogsc=\"rgb(0, 0, 0)\"><em><b data-ogsc=\"\" ><\/p>\n<p style=\"display: inline;\">Exonera\u00e7\u00e3o de responsabilidade:<\/p>\n<p>\u00a0<\/p>\n<h5 style=\"display: inline;\">Jactos Ciel<\/h5>\n<p style=\"display: inline;\"> \u00e9 uma corretora de charters e n\u00e3o uma transportadora a\u00e9rea direta. Todos os voos charter s\u00e3o operados por transportadoras licenciadas pela FAA, Parte 135, ou suas equivalentes internacionais. As medidas de sustentabilidade s\u00e3o aplicadas em coordena\u00e7\u00e3o com os nossos parceiros de rede.<\/em><\/div>\n<p>[\/et_pb_text][\/et_pb_column][\/et_pb_row][\/et_pb_section]<\/p>","protected":false},"excerpt":{"rendered":"<p>Last Updated: July 30, 2025 \u00a0 Climate Impact &amp; Environmental Commitment Disclosure AtCiel Jets , we recognize that the future of private aviation must be balanced with urgent climate realities. As a luxury private aviation company, we are committed to pursuing transparency, responsibility, and innovation to help mitigate our environmental impact and contribute to a [&hellip;]<\/p>","protected":false},"author":1,"featured_media":0,"parent":0,"menu_order":0,"comment_status":"closed","ping_status":"closed","template":"","meta":{"_et_pb_use_builder":"on","_et_pb_old_content":"","_et_gb_content_width":"","_monsterinsights_skip_tracking":false,"_monsterinsights_sitenote_active":false,"_monsterinsights_sitenote_note":"","_monsterinsights_sitenote_category":0,"footnotes":""},"dipi_cpt_category":[],"class_list":["post-987500692","page","type-page","status-publish","hentry"],"aioseo_notices":[],"_links":{"self":[{"href":"https:\/\/www.cieljets.com\/pt\/wp-json\/wp\/v2\/pages\/987500692","targetHints":{"allow":["GET"]}}],"collection":[{"href":"https:\/\/www.cieljets.com\/pt\/wp-json\/wp\/v2\/pages"}],"about":[{"href":"https:\/\/www.cieljets.com\/pt\/wp-json\/wp\/v2\/types\/page"}],"author":[{"embeddable":true,"href":"https:\/\/www.cieljets.com\/pt\/wp-json\/wp\/v2\/users\/1"}],"replies":[{"embeddable":true,"href":"https:\/\/www.cieljets.com\/pt\/wp-json\/wp\/v2\/comments?post=987500692"}],"version-history":[{"count":0,"href":"https:\/\/www.cieljets.com\/pt\/wp-json\/wp\/v2\/pages\/987500692\/revisions"}],"wp:attachment":[{"href":"https:\/\/www.cieljets.com\/pt\/wp-json\/wp\/v2\/media?parent=987500692"}],"wp:term":[{"taxonomy":"dipi_cpt_category","embeddable":true,"href":"https:\/\/www.cieljets.com\/pt\/wp-json\/wp\/v2\/dipi_cpt_category?post=987500692"}],"curies":[{"name":"wp","href":"https:\/\/api.w.org\/{rel}","templated":true}]}}