{"id":987500692,"date":"2025-07-30T20:39:32","date_gmt":"2025-07-30T20:39:32","guid":{"rendered":"https:\/\/www.cieljets.com\/?page_id=987500692"},"modified":"2025-07-30T21:06:36","modified_gmt":"2025-07-30T21:06:36","slug":"environmental-commitment-disclosure","status":"publish","type":"page","link":"https:\/\/www.cieljets.com\/it\/environmental-commitment-disclosure\/","title":{"rendered":"Divulgazione dell'impegno ambientale"},"content":{"rendered":"<p>[et_pb_section fb_built=&#8221;1&#8243; _builder_version=&#8221;4.27.4&#8243; _module_preset=&#8221;default&#8221; background_color=&#8221;#0F132A&#8221; da_disable_devices=&#8221;off|off|off&#8221; global_colors_info=&#8221;{}&#8221; da_is_popup=&#8221;off&#8221; da_exit_intent=&#8221;off&#8221; da_has_close=&#8221;on&#8221; da_alt_close=&#8221;off&#8221; da_dark_close=&#8221;off&#8221; da_not_modal=&#8221;on&#8221; da_is_singular=&#8221;off&#8221; da_with_loader=&#8221;off&#8221; da_has_shadow=&#8221;on&#8221;][et_pb_row _builder_version=&#8221;4.27.4&#8243; _module_preset=&#8221;default&#8221; custom_margin=&#8221;10vh||||false|false&#8221; global_colors_info=&#8221;{}&#8221;][et_pb_column type=&#8221;4_4&#8243; _builder_version=&#8221;4.27.4&#8243; _module_preset=&#8221;default&#8221; global_colors_info=&#8221;{}&#8221;][et_pb_text _builder_version=&#8221;4.27.4&#8243; _module_preset=&#8221;default&#8221; text_font=&#8221;Josefin Sans||||||||&#8221; text_text_color=&#8221;#FFFFFF&#8221; text_font_size=&#8221;18px&#8221; header_font=&#8221;Prata||||||||&#8221; header_text_color=&#8221;#DBB13B&#8221; header_2_font=&#8221;Josefin Sans||||||||&#8221; header_2_text_color=&#8221;#DBB13B&#8221; hover_enabled=&#8221;0&#8243; global_colors_info=&#8221;{}&#8221; header_5_font=&#8221;Ciel||||||||&#8221; header_5_text_color=&#8221;#FFFFFF&#8221; header_5_font_size=&#8221;21px&#8221; sticky_enabled=&#8221;0&#8243;]<em>Ultimo aggiornamento: 30 luglio 2025<\/em><\/p>\n<p><strong>\u00a0<\/strong><\/p>\n<h1>Divulgazione dell'impatto sul clima e dell'impegno ambientale<\/h1>\n<p style=\"display: inline;\">A<\/p>\n<h5 style=\"display: inline;\">Ciel Jets<\/h5>\n<p style=\"display: inline;\">riconosciamo che il futuro dell'aviazione privata deve essere bilanciato con le urgenti realt\u00e0 climatiche. In qualit\u00e0 di compagnia aerea privata di lusso, ci impegniamo a perseguire la trasparenza, la responsabilit\u00e0 e l'innovazione per mitigare il nostro impatto ambientale e contribuire a un futuro pi\u00f9 sostenibile.<\/p>\n<h2><b data-ogsc=\"\" data-olk-copy-source=\"MessageBody\"><\/b><\/h2>\n<h2><b data-ogsc=\"\" data-olk-copy-source=\"MessageBody\"><\/b><\/h2>\n<h2><b data-ogsc=\"\" data-olk-copy-source=\"MessageBody\">Il nostro impegno per la responsabilit\u00e0 climatica<\/b><\/h2>\n<div class=\"x_elementToProof\" data-ogsc=\"rgb(0, 0, 0)\">\n<h5 style=\"display: inline;\">Ciel Jets<\/h5>\n<p style=\"display: inline;\"> \u00e8 attivamente impegnata nella transizione verso un'economia a basse emissioni di carbonio. Siamo consapevoli delle emissioni associate ai viaggi in jet privato e stiamo adottando le seguenti misure per allineare le nostre operazioni alle migliori pratiche ambientali:<\/p>\n<\/div>\n<div class=\"x_elementToProof\" data-ogsc=\"rgb(0, 0, 0)\"><b data-ogsc=\"\">1. Trasparenza del carbonio<\/b><\/div>\n<ul data-spread=\"false\">\n<li data-ogsc=\"rgb(0, 0, 0)\">\n<div role=\"presentation\" data-ogsc=\"\">Su richiesta, forniamo ai clienti una stima dell'impronta di carbonio per ogni volo.<\/div>\n<\/li>\n<li data-ogsc=\"rgb(0, 0, 0)\">\n<div role=\"presentation\" data-ogsc=\"\">Collaboriamo con fornitori di compensazioni di carbonio verificate per sostenere progetti di riforestazione, energia rinnovabile e conservazione a livello globale.<\/div>\n<\/li>\n<\/ul>\n<div class=\"x_elementToProof\" data-ogsc=\"rgb(0, 0, 0)\"><b data-ogsc=\"\">2. Carburante per l'aviazione sostenibile (SAF)<\/b><\/div>\n<ul data-spread=\"false\">\n<li data-ogsc=\"rgb(0, 0, 0)\">\n<div role=\"presentation\" data-ogsc=\"\">Stiamo discutendo attivamente con i fornitori e gli operatori di SAF per incorporare carburanti sostenibili, laddove disponibili.<\/div>\n<\/li>\n<li data-ogsc=\"rgb(0, 0, 0)\">\n<div role=\"presentation\" data-ogsc=\"\">Vogliamo dare la priorit\u00e0 agli operatori che hanno dimostrato di utilizzare il SAF e di rispettare l'ambiente.<\/div>\n<\/li>\n<\/ul>\n<div class=\"x_elementToProof\" data-ogsc=\"rgb(0, 0, 0)\"><b data-ogsc=\"\">3. Standard di efficienza degli aeromobili<\/b><\/div>\n<ul data-spread=\"false\">\n<li data-ogsc=\"rgb(0, 0, 0)\">\n<div role=\"presentation\" data-ogsc=\"\">Nella nostra rete di voli charter privilegiamo gli aeromobili di nuova generazione e a basso consumo di carburante.<\/div>\n<\/li>\n<li data-ogsc=\"rgb(0, 0, 0)\">\n<div role=\"presentation\" data-ogsc=\"\">Conduciamo audit interni sulle flotte degli operatori per comprendere l'efficienza e le prestazioni in termini di emissioni.<\/div>\n<\/li>\n<\/ul>\n<div class=\"x_elementToProof\" data-ogsc=\"rgb(0, 0, 0)\"><b data-ogsc=\"\">4. Partenariati sostenibili<\/b><\/div>\n<ul data-spread=\"false\">\n<li data-ogsc=\"rgb(0, 0, 0)\">\n<div role=\"presentation\" data-ogsc=\"\">Siamo in procinto di richiedere l'adesione all'International Emissions Trading Association (IETA).<\/div>\n<\/li>\n<li data-ogsc=\"rgb(0, 0, 0)\">\n<div role=\"presentation\" data-ogsc=\"\">Collaboriamo con partner eco-consapevoli nel settore dell'ospitalit\u00e0 e dei trasporti per costruire viaggi di lusso integrati e a basso impatto.<\/div>\n<\/li>\n<\/ul>\n<div class=\"x_elementToProof\" data-ogsc=\"rgb(0, 0, 0)\"><b data-ogsc=\"\">5. Formazione e coinvolgimento del cliente<\/b><\/div>\n<ul data-spread=\"false\">\n<li data-ogsc=\"rgb(0, 0, 0)\">\n<div role=\"presentation\" data-ogsc=\"\">Offriamo opportunit\u00e0 di compensazione opzionale per ogni volo.<\/div>\n<\/li>\n<li data-ogsc=\"rgb(0, 0, 0)\">\n<div role=\"presentation\" data-ogsc=\"\">Condividiamo con i nostri clienti le conoscenze e le risorse in materia di sostenibilit\u00e0, incoraggiandoli a prendere decisioni informate.<\/div>\n<\/li>\n<\/ul>\n<hr \/>\n<h2 class=\"x_elementToProof\" data-ogsc=\"rgb(0, 0, 0)\"><b data-ogsc=\"\"><\/b><\/h2>\n<h2 class=\"x_elementToProof\" data-ogsc=\"rgb(0, 0, 0)\"><b data-ogsc=\"\"><\/b><\/h2>\n<h2 class=\"x_elementToProof\" data-ogsc=\"rgb(0, 0, 0)\"><b data-ogsc=\"\">Obiettivi lungimiranti<\/b><\/h2>\n<ul data-spread=\"false\">\n<li data-ogsc=\"rgb(0, 0, 0)\">\n<div role=\"presentation\" data-ogsc=\"\">Lanciare un rapporto di sostenibilit\u00e0 formale nel 2026.<\/div>\n<\/li>\n<li data-ogsc=\"rgb(0, 0, 0)\">\n<div role=\"presentation\" data-ogsc=\"\">Collaborare con i fornitori SAF per itinerari garantiti e alimentati da SAF.<\/div>\n<\/li>\n<li data-ogsc=\"rgb(0, 0, 0)\">\n<div role=\"presentation\" data-ogsc=\"\">Sviluppare un programma di noleggio verde guidato da un concierge.<\/div>\n<\/li>\n<li data-ogsc=\"rgb(0, 0, 0)\">\n<div role=\"presentation\" data-ogsc=\"\">Investire in iniziative di aviazione pulita come parte della nostra strategia a lungo termine.<\/div>\n<\/li>\n<\/ul>\n<hr \/>\n<h2 class=\"x_elementToProof\" data-ogsc=\"rgb(0, 0, 0)\"><b data-ogsc=\"\"><\/b><\/h2>\n<h2 class=\"x_elementToProof\" data-ogsc=\"rgb(0, 0, 0)\"><b data-ogsc=\"\"><\/b><\/h2>\n<h2 class=\"x_elementToProof\" data-ogsc=\"rgb(0, 0, 0)\"><b data-ogsc=\"\">Contatti e domande<\/b><\/h2>\n<div class=\"x_elementToProof\" data-ogsc=\"rgb(0, 0, 0)\">Accogliamo con piacere il feedback e la collaborazione di clienti, partner e pubblico.<\/div>\n<div class=\"x_elementToProof\" data-ogsc=\"rgb(0, 0, 0)\"><b data-ogsc=\"\">E-mail:<\/b>\u00a0<a href=\"mailto:sustainability@cieljets.com\" target=\"_blank\" rel=\"noopener\">sustainability@cieljets.com<\/a><br \/>\n<b data-ogsc=\"\">Telefono:<\/b>\u00a0<a href=\"tel:15618957000\">+1 561-895-7000<\/a><\/div>\n<hr \/>\n<div class=\"x_elementToProof\" data-ogsc=\"rgb(0, 0, 0)\"><em><b data-ogsc=\"\" ><\/p>\n<p style=\"display: inline;\">Esclusione di responsabilit\u00e0:<\/p>\n<p>\u00a0<\/p>\n<h5 style=\"display: inline;\">Ciel Jets<\/h5>\n<p style=\"display: inline;\"> \u00e8 un brokeraggio di voli charter, non un vettore aereo diretto. Tutti i charter sono operati da vettori con licenza FAA Part 135 o dai loro equivalenti internazionali. Le misure di sostenibilit\u00e0 sono applicate in coordinamento con i nostri partner di rete.<\/em><\/div>\n<p>[\/et_pb_text][\/et_pb_column][\/et_pb_row][\/et_pb_section]<\/p>","protected":false},"excerpt":{"rendered":"<p>Last Updated: July 30, 2025 \u00a0 Climate Impact &amp; Environmental Commitment Disclosure AtCiel Jets , we recognize that the future of private aviation must be balanced with urgent climate realities. As a luxury private aviation company, we are committed to pursuing transparency, responsibility, and innovation to help mitigate our environmental impact and contribute to a [&hellip;]<\/p>","protected":false},"author":1,"featured_media":0,"parent":0,"menu_order":0,"comment_status":"closed","ping_status":"closed","template":"","meta":{"_et_pb_use_builder":"on","_et_pb_old_content":"","_et_gb_content_width":"","_monsterinsights_skip_tracking":false,"_monsterinsights_sitenote_active":false,"_monsterinsights_sitenote_note":"","_monsterinsights_sitenote_category":0,"footnotes":""},"dipi_cpt_category":[],"class_list":["post-987500692","page","type-page","status-publish","hentry"],"aioseo_notices":[],"_links":{"self":[{"href":"https:\/\/www.cieljets.com\/it\/wp-json\/wp\/v2\/pages\/987500692","targetHints":{"allow":["GET"]}}],"collection":[{"href":"https:\/\/www.cieljets.com\/it\/wp-json\/wp\/v2\/pages"}],"about":[{"href":"https:\/\/www.cieljets.com\/it\/wp-json\/wp\/v2\/types\/page"}],"author":[{"embeddable":true,"href":"https:\/\/www.cieljets.com\/it\/wp-json\/wp\/v2\/users\/1"}],"replies":[{"embeddable":true,"href":"https:\/\/www.cieljets.com\/it\/wp-json\/wp\/v2\/comments?post=987500692"}],"version-history":[{"count":0,"href":"https:\/\/www.cieljets.com\/it\/wp-json\/wp\/v2\/pages\/987500692\/revisions"}],"wp:attachment":[{"href":"https:\/\/www.cieljets.com\/it\/wp-json\/wp\/v2\/media?parent=987500692"}],"wp:term":[{"taxonomy":"dipi_cpt_category","embeddable":true,"href":"https:\/\/www.cieljets.com\/it\/wp-json\/wp\/v2\/dipi_cpt_category?post=987500692"}],"curies":[{"name":"wp","href":"https:\/\/api.w.org\/{rel}","templated":true}]}}