{"id":987500692,"date":"2025-07-30T20:39:32","date_gmt":"2025-07-30T20:39:32","guid":{"rendered":"https:\/\/www.cieljets.com\/?page_id=987500692"},"modified":"2025-07-30T21:06:36","modified_gmt":"2025-07-30T21:06:36","slug":"environmental-commitment-disclosure","status":"publish","type":"page","link":"https:\/\/www.cieljets.com\/fr\/environmental-commitment-disclosure\/","title":{"rendered":"Divulgation de l'engagement environnemental"},"content":{"rendered":"<p>[et_pb_section fb_built=&#8221;1&#8243; _builder_version=&#8221;4.27.4&#8243; _module_preset=&#8221;default&#8221; background_color=&#8221;#0F132A&#8221; da_disable_devices=&#8221;off|off|off&#8221; global_colors_info=&#8221;{}&#8221; da_is_popup=&#8221;off&#8221; da_exit_intent=&#8221;off&#8221; da_has_close=&#8221;on&#8221; da_alt_close=&#8221;off&#8221; da_dark_close=&#8221;off&#8221; da_not_modal=&#8221;on&#8221; da_is_singular=&#8221;off&#8221; da_with_loader=&#8221;off&#8221; da_has_shadow=&#8221;on&#8221;][et_pb_row _builder_version=&#8221;4.27.4&#8243; _module_preset=&#8221;default&#8221; custom_margin=&#8221;10vh||||false|false&#8221; global_colors_info=&#8221;{}&#8221;][et_pb_column type=&#8221;4_4&#8243; _builder_version=&#8221;4.27.4&#8243; _module_preset=&#8221;default&#8221; global_colors_info=&#8221;{}&#8221;][et_pb_text _builder_version=&#8221;4.27.4&#8243; _module_preset=&#8221;default&#8221; text_font=&#8221;Josefin Sans||||||||&#8221; text_text_color=&#8221;#FFFFFF&#8221; text_font_size=&#8221;18px&#8221; header_font=&#8221;Prata||||||||&#8221; header_text_color=&#8221;#DBB13B&#8221; header_2_font=&#8221;Josefin Sans||||||||&#8221; header_2_text_color=&#8221;#DBB13B&#8221; hover_enabled=&#8221;0&#8243; global_colors_info=&#8221;{}&#8221; header_5_font=&#8221;Ciel||||||||&#8221; header_5_text_color=&#8221;#FFFFFF&#8221; header_5_font_size=&#8221;21px&#8221; sticky_enabled=&#8221;0&#8243;]<em>Derni\u00e8re mise \u00e0 jour : 30 juillet 2025<\/em><\/p>\n<p><strong>\u00a0<\/strong><\/p>\n<h1>Divulgation de l'impact sur le climat et de l'engagement environnemental<\/h1>\n<p style=\"display: inline;\">Au<\/p>\n<h5 style=\"display: inline;\">Ciel Jets<\/h5>\n<p style=\"display: inline;\">Nous reconnaissons que l'avenir de l'aviation priv\u00e9e doit \u00eatre concili\u00e9 avec les r\u00e9alit\u00e9s climatiques urgentes. En tant que compagnie d'aviation priv\u00e9e de luxe, nous nous engageons \u00e0 faire preuve de transparence, de responsabilit\u00e9 et d'innovation afin d'att\u00e9nuer notre impact sur l'environnement et de contribuer \u00e0 un avenir plus durable.<\/p>\n<h2><b data-ogsc=\"\" data-olk-copy-source=\"MessageBody\"><\/b><\/h2>\n<h2><b data-ogsc=\"\" data-olk-copy-source=\"MessageBody\"><\/b><\/h2>\n<h2><b data-ogsc=\"\" data-olk-copy-source=\"MessageBody\">Notre engagement en mati\u00e8re de responsabilit\u00e9 climatique<\/b><\/h2>\n<div class=\"x_elementToProof\" data-ogsc=\"rgb(0, 0, 0)\">\n<h5 style=\"display: inline;\">Ciel Jets<\/h5>\n<p style=\"display: inline;\"> s'engage activement dans la transition vers une \u00e9conomie \u00e0 plus faible \u00e9mission de carbone. Nous sommes conscients des \u00e9missions associ\u00e9es aux voyages en jet priv\u00e9 et prenons les mesures suivantes pour aligner nos activit\u00e9s sur les meilleures pratiques environnementales :<\/p>\n<\/div>\n<div class=\"x_elementToProof\" data-ogsc=\"rgb(0, 0, 0)\"><b data-ogsc=\"\">1. Transparence du carbone<\/b><\/div>\n<ul data-spread=\"false\">\n<li data-ogsc=\"rgb(0, 0, 0)\">\n<div role=\"presentation\" data-ogsc=\"\">Sur demande, nous fournissons aux clients des estimations de l'empreinte carbone par vol.<\/div>\n<\/li>\n<li data-ogsc=\"rgb(0, 0, 0)\">\n<div role=\"presentation\" data-ogsc=\"\">Nous travaillons avec des fournisseurs de cr\u00e9dits de carbone v\u00e9rifi\u00e9s pour soutenir des projets de reforestation, d'\u00e9nergie renouvelable et de conservation dans le monde entier.<\/div>\n<\/li>\n<\/ul>\n<div class=\"x_elementToProof\" data-ogsc=\"rgb(0, 0, 0)\"><b data-ogsc=\"\">2. Carburant aviation durable (SAF)<\/b><\/div>\n<ul data-spread=\"false\">\n<li data-ogsc=\"rgb(0, 0, 0)\">\n<div role=\"presentation\" data-ogsc=\"\">Nous discutons activement avec les fournisseurs et les op\u00e9rateurs de SAF afin d'incorporer des carburants durables lorsqu'ils sont disponibles.<\/div>\n<\/li>\n<li data-ogsc=\"rgb(0, 0, 0)\">\n<div role=\"presentation\" data-ogsc=\"\">Nous visons \u00e0 donner la priorit\u00e9 aux op\u00e9rateurs qui ont fait la preuve de leur utilisation de la SAF et de leur gestion de l'environnement.<\/div>\n<\/li>\n<\/ul>\n<div class=\"x_elementToProof\" data-ogsc=\"rgb(0, 0, 0)\"><b data-ogsc=\"\">3. Normes d'efficacit\u00e9 des a\u00e9ronefs<\/b><\/div>\n<ul data-spread=\"false\">\n<li data-ogsc=\"rgb(0, 0, 0)\">\n<div role=\"presentation\" data-ogsc=\"\">Nous privil\u00e9gions les avions de nouvelle g\u00e9n\u00e9ration, \u00e9conomes en carburant, dans notre r\u00e9seau d'affr\u00e8tement.<\/div>\n<\/li>\n<li data-ogsc=\"rgb(0, 0, 0)\">\n<div role=\"presentation\" data-ogsc=\"\">Nous effectuons des audits internes des flottes d'op\u00e9rateurs pour comprendre les performances en mati\u00e8re d'efficacit\u00e9 et d'\u00e9missions.<\/div>\n<\/li>\n<\/ul>\n<div class=\"x_elementToProof\" data-ogsc=\"rgb(0, 0, 0)\"><b data-ogsc=\"\">4. Partenariats durables<\/b><\/div>\n<ul data-spread=\"false\">\n<li data-ogsc=\"rgb(0, 0, 0)\">\n<div role=\"presentation\" data-ogsc=\"\">Nous sommes en train de demander notre adh\u00e9sion \u00e0 l'Association internationale pour l'\u00e9change de quotas d'\u00e9mission (IETA).<\/div>\n<\/li>\n<li data-ogsc=\"rgb(0, 0, 0)\">\n<div role=\"presentation\" data-ogsc=\"\">Nous collaborons avec des partenaires soucieux de l'environnement dans les domaines de l'h\u00f4tellerie et des transports afin de mettre en place des voyages de luxe int\u00e9gr\u00e9s et \u00e0 faible impact.<\/div>\n<\/li>\n<\/ul>\n<div class=\"x_elementToProof\" data-ogsc=\"rgb(0, 0, 0)\"><b data-ogsc=\"\">5. \u00c9ducation et participation des clients<\/b><\/div>\n<ul data-spread=\"false\">\n<li data-ogsc=\"rgb(0, 0, 0)\">\n<div role=\"presentation\" data-ogsc=\"\">Nous offrons des possibilit\u00e9s de compensation en option pour chaque vol.<\/div>\n<\/li>\n<li data-ogsc=\"rgb(0, 0, 0)\">\n<div role=\"presentation\" data-ogsc=\"\">Nous partageons avec nos clients des informations et des ressources sur le d\u00e9veloppement durable, en les encourageant \u00e0 prendre des d\u00e9cisions en connaissance de cause.<\/div>\n<\/li>\n<\/ul>\n<hr \/>\n<h2 class=\"x_elementToProof\" data-ogsc=\"rgb(0, 0, 0)\"><b data-ogsc=\"\"><\/b><\/h2>\n<h2 class=\"x_elementToProof\" data-ogsc=\"rgb(0, 0, 0)\"><b data-ogsc=\"\"><\/b><\/h2>\n<h2 class=\"x_elementToProof\" data-ogsc=\"rgb(0, 0, 0)\"><b data-ogsc=\"\">Objectifs prospectifs<\/b><\/h2>\n<ul data-spread=\"false\">\n<li data-ogsc=\"rgb(0, 0, 0)\">\n<div role=\"presentation\" data-ogsc=\"\">Lancer un rapport formel sur le d\u00e9veloppement durable en 2026.<\/div>\n<\/li>\n<li data-ogsc=\"rgb(0, 0, 0)\">\n<div role=\"presentation\" data-ogsc=\"\">Partenariat avec les fournisseurs de SAF pour des itin\u00e9raires garantis aliment\u00e9s par SAF.<\/div>\n<\/li>\n<li data-ogsc=\"rgb(0, 0, 0)\">\n<div role=\"presentation\" data-ogsc=\"\">D\u00e9velopper un programme de charte verte dirig\u00e9 par un concierge.<\/div>\n<\/li>\n<li data-ogsc=\"rgb(0, 0, 0)\">\n<div role=\"presentation\" data-ogsc=\"\">Investir dans des initiatives d'aviation propre dans le cadre de notre strat\u00e9gie \u00e0 long terme.<\/div>\n<\/li>\n<\/ul>\n<hr \/>\n<h2 class=\"x_elementToProof\" data-ogsc=\"rgb(0, 0, 0)\"><b data-ogsc=\"\"><\/b><\/h2>\n<h2 class=\"x_elementToProof\" data-ogsc=\"rgb(0, 0, 0)\"><b data-ogsc=\"\"><\/b><\/h2>\n<h2 class=\"x_elementToProof\" data-ogsc=\"rgb(0, 0, 0)\"><b data-ogsc=\"\">Contact et questions<\/b><\/h2>\n<div class=\"x_elementToProof\" data-ogsc=\"rgb(0, 0, 0)\">Nous accueillons volontiers les commentaires et la collaboration de nos clients, de nos partenaires et du public.<\/div>\n<div class=\"x_elementToProof\" data-ogsc=\"rgb(0, 0, 0)\"><b data-ogsc=\"\">Courriel :<\/b>\u00a0<a href=\"mailto:sustainability@cieljets.com\" target=\"_blank\" rel=\"noopener\">sustainability@cieljets.com<\/a><br \/>\n<b data-ogsc=\"\">T\u00e9l\u00e9phone :<\/b>\u00a0<a href=\"tel:15618957000\">+1 561-895-7000<\/a><\/div>\n<hr \/>\n<div class=\"x_elementToProof\" data-ogsc=\"rgb(0, 0, 0)\"><em><b data-ogsc=\"\" ><\/p>\n<p style=\"display: inline;\">Avis de non-responsabilit\u00e9 :<\/p>\n<p>\u00a0<\/p>\n<h5 style=\"display: inline;\">Ciel Jets<\/h5>\n<p style=\"display: inline;\"> est un courtier en charters et non un transporteur a\u00e9rien direct. Tous les vols affr\u00e9t\u00e9s sont exploit\u00e9s par des transporteurs agr\u00e9\u00e9s par la FAA (Part 135) ou leurs \u00e9quivalents internationaux. Les mesures de durabilit\u00e9 sont appliqu\u00e9es en coordination avec nos partenaires du r\u00e9seau.<\/em><\/div>\n<p>[\/et_pb_text][\/et_pb_column][\/et_pb_row][\/et_pb_section]<\/p>","protected":false},"excerpt":{"rendered":"<p>Last Updated: July 30, 2025 \u00a0 Climate Impact &amp; Environmental Commitment Disclosure AtCiel Jets , we recognize that the future of private aviation must be balanced with urgent climate realities. As a luxury private aviation company, we are committed to pursuing transparency, responsibility, and innovation to help mitigate our environmental impact and contribute to a [&hellip;]<\/p>","protected":false},"author":1,"featured_media":0,"parent":0,"menu_order":0,"comment_status":"closed","ping_status":"closed","template":"","meta":{"_et_pb_use_builder":"on","_et_pb_old_content":"","_et_gb_content_width":"","_monsterinsights_skip_tracking":false,"_monsterinsights_sitenote_active":false,"_monsterinsights_sitenote_note":"","_monsterinsights_sitenote_category":0,"footnotes":""},"dipi_cpt_category":[],"class_list":["post-987500692","page","type-page","status-publish","hentry"],"aioseo_notices":[],"_links":{"self":[{"href":"https:\/\/www.cieljets.com\/fr\/wp-json\/wp\/v2\/pages\/987500692","targetHints":{"allow":["GET"]}}],"collection":[{"href":"https:\/\/www.cieljets.com\/fr\/wp-json\/wp\/v2\/pages"}],"about":[{"href":"https:\/\/www.cieljets.com\/fr\/wp-json\/wp\/v2\/types\/page"}],"author":[{"embeddable":true,"href":"https:\/\/www.cieljets.com\/fr\/wp-json\/wp\/v2\/users\/1"}],"replies":[{"embeddable":true,"href":"https:\/\/www.cieljets.com\/fr\/wp-json\/wp\/v2\/comments?post=987500692"}],"version-history":[{"count":0,"href":"https:\/\/www.cieljets.com\/fr\/wp-json\/wp\/v2\/pages\/987500692\/revisions"}],"wp:attachment":[{"href":"https:\/\/www.cieljets.com\/fr\/wp-json\/wp\/v2\/media?parent=987500692"}],"wp:term":[{"taxonomy":"dipi_cpt_category","embeddable":true,"href":"https:\/\/www.cieljets.com\/fr\/wp-json\/wp\/v2\/dipi_cpt_category?post=987500692"}],"curies":[{"name":"wp","href":"https:\/\/api.w.org\/{rel}","templated":true}]}}