{"id":987500692,"date":"2025-07-30T20:39:32","date_gmt":"2025-07-30T20:39:32","guid":{"rendered":"https:\/\/www.cieljets.com\/?page_id=987500692"},"modified":"2025-07-30T21:06:36","modified_gmt":"2025-07-30T21:06:36","slug":"environmental-commitment-disclosure","status":"publish","type":"page","link":"https:\/\/www.cieljets.com\/es\/environmental-commitment-disclosure\/","title":{"rendered":"Divulgaci\u00f3n del compromiso medioambiental"},"content":{"rendered":"<p>[et_pb_section fb_built=&#8221;1&#8243; _builder_version=&#8221;4.27.4&#8243; _module_preset=&#8221;default&#8221; background_color=&#8221;#0F132A&#8221; da_disable_devices=&#8221;off|off|off&#8221; global_colors_info=&#8221;{}&#8221; da_is_popup=&#8221;off&#8221; da_exit_intent=&#8221;off&#8221; da_has_close=&#8221;on&#8221; da_alt_close=&#8221;off&#8221; da_dark_close=&#8221;off&#8221; da_not_modal=&#8221;on&#8221; da_is_singular=&#8221;off&#8221; da_with_loader=&#8221;off&#8221; da_has_shadow=&#8221;on&#8221;][et_pb_row _builder_version=&#8221;4.27.4&#8243; _module_preset=&#8221;default&#8221; custom_margin=&#8221;10vh||||false|false&#8221; global_colors_info=&#8221;{}&#8221;][et_pb_column type=&#8221;4_4&#8243; _builder_version=&#8221;4.27.4&#8243; _module_preset=&#8221;default&#8221; global_colors_info=&#8221;{}&#8221;][et_pb_text _builder_version=&#8221;4.27.4&#8243; _module_preset=&#8221;default&#8221; text_font=&#8221;Josefin Sans||||||||&#8221; text_text_color=&#8221;#FFFFFF&#8221; text_font_size=&#8221;18px&#8221; header_font=&#8221;Prata||||||||&#8221; header_text_color=&#8221;#DBB13B&#8221; header_2_font=&#8221;Josefin Sans||||||||&#8221; header_2_text_color=&#8221;#DBB13B&#8221; hover_enabled=&#8221;0&#8243; global_colors_info=&#8221;{}&#8221; header_5_font=&#8221;Ciel||||||||&#8221; header_5_text_color=&#8221;#FFFFFF&#8221; header_5_font_size=&#8221;21px&#8221; sticky_enabled=&#8221;0&#8243;]<em>\u00daltima actualizaci\u00f3n: 30 de julio de 2025<\/em><\/p>\n<p><strong>\u00a0<\/strong><\/p>\n<h1>Divulgaci\u00f3n del impacto clim\u00e1tico y el compromiso medioambiental<\/h1>\n<p style=\"display: inline;\">En<\/p>\n<h5 style=\"display: inline;\">Ciel Jets<\/h5>\n<p style=\"display: inline;\">reconocemos que el futuro de la aviaci\u00f3n privada debe equilibrarse con la urgente realidad clim\u00e1tica. Como compa\u00f1\u00eda de aviaci\u00f3n privada de lujo, estamos comprometidos con la transparencia, la responsabilidad y la innovaci\u00f3n para ayudar a mitigar nuestro impacto medioambiental y contribuir a un futuro m\u00e1s sostenible.<\/p>\n<h2><b data-ogsc=\"\" data-olk-copy-source=\"MessageBody\"><\/b><\/h2>\n<h2><b data-ogsc=\"\" data-olk-copy-source=\"MessageBody\"><\/b><\/h2>\n<h2><b data-ogsc=\"\" data-olk-copy-source=\"MessageBody\">Nuestro compromiso con la responsabilidad clim\u00e1tica<\/b><\/h2>\n<div class=\"x_elementToProof\" data-ogsc=\"rgb(0, 0, 0)\">\n<h5 style=\"display: inline;\">Ciel Jets<\/h5>\n<p style=\"display: inline;\"> participa activamente en la transici\u00f3n hacia una econom\u00eda con menos emisiones de carbono. Somos conscientes de las emisiones asociadas a los viajes en jets privados y estamos adoptando las siguientes medidas para adaptar nuestras operaciones a las mejores pr\u00e1cticas medioambientales:<\/p>\n<\/div>\n<div class=\"x_elementToProof\" data-ogsc=\"rgb(0, 0, 0)\"><b data-ogsc=\"\">1. Transparencia del carbono<\/b><\/div>\n<ul data-spread=\"false\">\n<li data-ogsc=\"rgb(0, 0, 0)\">\n<div role=\"presentation\" data-ogsc=\"\">Proporcionamos a los clientes que lo soliciten estimaciones de la huella de carbono por vuelo.<\/div>\n<\/li>\n<li data-ogsc=\"rgb(0, 0, 0)\">\n<div role=\"presentation\" data-ogsc=\"\">Trabajamos con proveedores de compensaciones de carbono verificadas para apoyar proyectos de reforestaci\u00f3n, energ\u00edas renovables y conservaci\u00f3n en todo el mundo.<\/div>\n<\/li>\n<\/ul>\n<div class=\"x_elementToProof\" data-ogsc=\"rgb(0, 0, 0)\"><b data-ogsc=\"\">2. Combustible de aviaci\u00f3n sostenible (SAF)<\/b><\/div>\n<ul data-spread=\"false\">\n<li data-ogsc=\"rgb(0, 0, 0)\">\n<div role=\"presentation\" data-ogsc=\"\">Mantenemos conversaciones activas con los proveedores y operadores de SAE para incorporar combustibles sostenibles cuando est\u00e9n disponibles.<\/div>\n<\/li>\n<li data-ogsc=\"rgb(0, 0, 0)\">\n<div role=\"presentation\" data-ogsc=\"\">Nuestro objetivo es dar prioridad a los operadores que hayan demostrado un uso adecuado de las SAE y una gesti\u00f3n medioambiental responsable.<\/div>\n<\/li>\n<\/ul>\n<div class=\"x_elementToProof\" data-ogsc=\"rgb(0, 0, 0)\"><b data-ogsc=\"\">3. Normas de eficiencia de las aeronaves<\/b><\/div>\n<ul data-spread=\"false\">\n<li data-ogsc=\"rgb(0, 0, 0)\">\n<div role=\"presentation\" data-ogsc=\"\">En nuestra red de vuelos ch\u00e1rter favorecemos los aviones de \u00faltima generaci\u00f3n y bajo consumo de combustible.<\/div>\n<\/li>\n<li data-ogsc=\"rgb(0, 0, 0)\">\n<div role=\"presentation\" data-ogsc=\"\">Realizamos auditor\u00edas internas de las flotas de los operadores para conocer la eficiencia y el rendimiento en materia de emisiones.<\/div>\n<\/li>\n<\/ul>\n<div class=\"x_elementToProof\" data-ogsc=\"rgb(0, 0, 0)\"><b data-ogsc=\"\">4. Asociaciones sostenibles<\/b><\/div>\n<ul data-spread=\"false\">\n<li data-ogsc=\"rgb(0, 0, 0)\">\n<div role=\"presentation\" data-ogsc=\"\">Estamos tramitando nuestra adhesi\u00f3n a la Asociaci\u00f3n Internacional de Comercio de Emisiones (AIEE).<\/div>\n<\/li>\n<li data-ogsc=\"rgb(0, 0, 0)\">\n<div role=\"presentation\" data-ogsc=\"\">Colaboramos con socios respetuosos con el medio ambiente en hosteler\u00eda y transporte para crear viajes de lujo integrados y de menor impacto.<\/div>\n<\/li>\n<\/ul>\n<div class=\"x_elementToProof\" data-ogsc=\"rgb(0, 0, 0)\"><b data-ogsc=\"\">5. Educaci\u00f3n e implicaci\u00f3n del cliente<\/b><\/div>\n<ul data-spread=\"false\">\n<li data-ogsc=\"rgb(0, 0, 0)\">\n<div role=\"presentation\" data-ogsc=\"\">Ofrecemos oportunidades de compensaci\u00f3n opcionales para cada vuelo.<\/div>\n<\/li>\n<li data-ogsc=\"rgb(0, 0, 0)\">\n<div role=\"presentation\" data-ogsc=\"\">Compartimos ideas y recursos sobre sostenibilidad con nuestros clientes, anim\u00e1ndoles a tomar decisiones informadas.<\/div>\n<\/li>\n<\/ul>\n<hr \/>\n<h2 class=\"x_elementToProof\" data-ogsc=\"rgb(0, 0, 0)\"><b data-ogsc=\"\"><\/b><\/h2>\n<h2 class=\"x_elementToProof\" data-ogsc=\"rgb(0, 0, 0)\"><b data-ogsc=\"\"><\/b><\/h2>\n<h2 class=\"x_elementToProof\" data-ogsc=\"rgb(0, 0, 0)\"><b data-ogsc=\"\">Objetivos de futuro<\/b><\/h2>\n<ul data-spread=\"false\">\n<li data-ogsc=\"rgb(0, 0, 0)\">\n<div role=\"presentation\" data-ogsc=\"\">Lanzar un informe formal de sostenibilidad en 2026.<\/div>\n<\/li>\n<li data-ogsc=\"rgb(0, 0, 0)\">\n<div role=\"presentation\" data-ogsc=\"\">As\u00f3ciese con proveedores de SAF para obtener itinerarios garantizados impulsados por SAF.<\/div>\n<\/li>\n<li data-ogsc=\"rgb(0, 0, 0)\">\n<div role=\"presentation\" data-ogsc=\"\">Desarrollar un programa de ch\u00e1rter ecol\u00f3gico dirigido por conserjes.<\/div>\n<\/li>\n<li data-ogsc=\"rgb(0, 0, 0)\">\n<div role=\"presentation\" data-ogsc=\"\">Invertir en iniciativas de aviaci\u00f3n limpia como parte de nuestra estrategia a largo plazo.<\/div>\n<\/li>\n<\/ul>\n<hr \/>\n<h2 class=\"x_elementToProof\" data-ogsc=\"rgb(0, 0, 0)\"><b data-ogsc=\"\"><\/b><\/h2>\n<h2 class=\"x_elementToProof\" data-ogsc=\"rgb(0, 0, 0)\"><b data-ogsc=\"\"><\/b><\/h2>\n<h2 class=\"x_elementToProof\" data-ogsc=\"rgb(0, 0, 0)\"><b data-ogsc=\"\">Contacto y preguntas<\/b><\/h2>\n<div class=\"x_elementToProof\" data-ogsc=\"rgb(0, 0, 0)\">Agradecemos los comentarios y la colaboraci\u00f3n de clientes, socios y p\u00fablico en general.<\/div>\n<div class=\"x_elementToProof\" data-ogsc=\"rgb(0, 0, 0)\"><b data-ogsc=\"\">Correo electr\u00f3nico:<\/b>\u00a0<a href=\"mailto:sustainability@cieljets.com\" target=\"_blank\" rel=\"noopener\">sustainability@cieljets.com<\/a><br \/>\n<b data-ogsc=\"\">Tel\u00e9fono:<\/b>\u00a0<a href=\"tel:15618957000\">+1 561-895-7000<\/a><\/div>\n<hr \/>\n<div class=\"x_elementToProof\" data-ogsc=\"rgb(0, 0, 0)\"><em><b data-ogsc=\"\" ><\/p>\n<p style=\"display: inline;\">Descargo de responsabilidad:<\/p>\n<p>\u00a0<\/p>\n<h5 style=\"display: inline;\">Ciel Jets<\/h5>\n<p style=\"display: inline;\"> es una agencia de vuelos ch\u00e1rter, no una compa\u00f1\u00eda a\u00e9rea directa. Todos los vuelos ch\u00e1rter son operados por compa\u00f1\u00edas a\u00e9reas con licencia FAA Parte 135 o sus equivalentes internacionales. Las medidas de sostenibilidad se aplican en coordinaci\u00f3n con nuestros socios de red.<\/em><\/div>\n<p>[\/et_pb_text][\/et_pb_column][\/et_pb_row][\/et_pb_section]<\/p>","protected":false},"excerpt":{"rendered":"<p>Last Updated: July 30, 2025 \u00a0 Climate Impact &amp; Environmental Commitment Disclosure AtCiel Jets , we recognize that the future of private aviation must be balanced with urgent climate realities. As a luxury private aviation company, we are committed to pursuing transparency, responsibility, and innovation to help mitigate our environmental impact and contribute to a [&hellip;]<\/p>","protected":false},"author":1,"featured_media":0,"parent":0,"menu_order":0,"comment_status":"closed","ping_status":"closed","template":"","meta":{"_et_pb_use_builder":"on","_et_pb_old_content":"","_et_gb_content_width":"","_monsterinsights_skip_tracking":false,"_monsterinsights_sitenote_active":false,"_monsterinsights_sitenote_note":"","_monsterinsights_sitenote_category":0,"footnotes":""},"dipi_cpt_category":[],"class_list":["post-987500692","page","type-page","status-publish","hentry"],"aioseo_notices":[],"_links":{"self":[{"href":"https:\/\/www.cieljets.com\/es\/wp-json\/wp\/v2\/pages\/987500692","targetHints":{"allow":["GET"]}}],"collection":[{"href":"https:\/\/www.cieljets.com\/es\/wp-json\/wp\/v2\/pages"}],"about":[{"href":"https:\/\/www.cieljets.com\/es\/wp-json\/wp\/v2\/types\/page"}],"author":[{"embeddable":true,"href":"https:\/\/www.cieljets.com\/es\/wp-json\/wp\/v2\/users\/1"}],"replies":[{"embeddable":true,"href":"https:\/\/www.cieljets.com\/es\/wp-json\/wp\/v2\/comments?post=987500692"}],"version-history":[{"count":0,"href":"https:\/\/www.cieljets.com\/es\/wp-json\/wp\/v2\/pages\/987500692\/revisions"}],"wp:attachment":[{"href":"https:\/\/www.cieljets.com\/es\/wp-json\/wp\/v2\/media?parent=987500692"}],"wp:term":[{"taxonomy":"dipi_cpt_category","embeddable":true,"href":"https:\/\/www.cieljets.com\/es\/wp-json\/wp\/v2\/dipi_cpt_category?post=987500692"}],"curies":[{"name":"wp","href":"https:\/\/api.w.org\/{rel}","templated":true}]}}