{"id":987500692,"date":"2025-07-30T20:39:32","date_gmt":"2025-07-30T20:39:32","guid":{"rendered":"https:\/\/www.cieljets.com\/?page_id=987500692"},"modified":"2025-07-30T21:06:36","modified_gmt":"2025-07-30T21:06:36","slug":"environmental-commitment-disclosure","status":"publish","type":"page","link":"https:\/\/www.cieljets.com\/de\/environmental-commitment-disclosure\/","title":{"rendered":"Offenlegung des Umweltengagements"},"content":{"rendered":"<p>[et_pb_section fb_built=&#8221;1&#8243; _builder_version=&#8221;4.27.4&#8243; _module_preset=&#8221;default&#8221; background_color=&#8221;#0F132A&#8221; da_disable_devices=&#8221;off|off|off&#8221; global_colors_info=&#8221;{}&#8221; da_is_popup=&#8221;off&#8221; da_exit_intent=&#8221;off&#8221; da_has_close=&#8221;on&#8221; da_alt_close=&#8221;off&#8221; da_dark_close=&#8221;off&#8221; da_not_modal=&#8221;on&#8221; da_is_singular=&#8221;off&#8221; da_with_loader=&#8221;off&#8221; da_has_shadow=&#8221;on&#8221;][et_pb_row _builder_version=&#8221;4.27.4&#8243; _module_preset=&#8221;default&#8221; custom_margin=&#8221;10vh||||false|false&#8221; global_colors_info=&#8221;{}&#8221;][et_pb_column type=&#8221;4_4&#8243; _builder_version=&#8221;4.27.4&#8243; _module_preset=&#8221;default&#8221; global_colors_info=&#8221;{}&#8221;][et_pb_text _builder_version=&#8221;4.27.4&#8243; _module_preset=&#8221;default&#8221; text_font=&#8221;Josefin Sans||||||||&#8221; text_text_color=&#8221;#FFFFFF&#8221; text_font_size=&#8221;18px&#8221; header_font=&#8221;Prata||||||||&#8221; header_text_color=&#8221;#DBB13B&#8221; header_2_font=&#8221;Josefin Sans||||||||&#8221; header_2_text_color=&#8221;#DBB13B&#8221; hover_enabled=&#8221;0&#8243; global_colors_info=&#8221;{}&#8221; header_5_font=&#8221;Ciel||||||||&#8221; header_5_text_color=&#8221;#FFFFFF&#8221; header_5_font_size=&#8221;21px&#8221; sticky_enabled=&#8221;0&#8243;]<em>Zuletzt aktualisiert: Juli 30, 2025<\/em><\/p>\n<p><strong>\u00a0<\/strong><\/p>\n<h1>Offenlegung von Klimaauswirkungen und Umweltverpflichtungen<\/h1>\n<p style=\"display: inline;\">Unter<\/p>\n<h5 style=\"display: inline;\">Ciel Jets<\/h5>\n<p style=\"display: inline;\">Wir sind uns bewusst, dass die Zukunft der Privatluftfahrt mit den dringenden klimatischen Gegebenheiten in Einklang gebracht werden muss. Als privates Luftfahrtunternehmen der Luxusklasse haben wir uns zu Transparenz, Verantwortung und Innovation verpflichtet, um unsere Auswirkungen auf die Umwelt zu mindern und zu einer nachhaltigeren Zukunft beizutragen.<\/p>\n<h2><b data-ogsc=\"\" data-olk-copy-source=\"MessageBody\"><\/b><\/h2>\n<h2><b data-ogsc=\"\" data-olk-copy-source=\"MessageBody\"><\/b><\/h2>\n<h2><b data-ogsc=\"\" data-olk-copy-source=\"MessageBody\">Unser Engagement f\u00fcr Klimaverantwortung<\/b><\/h2>\n<div class=\"x_elementToProof\" data-ogsc=\"rgb(0, 0, 0)\">\n<h5 style=\"display: inline;\">Ciel Jets<\/h5>\n<p style=\"display: inline;\"> engagiert sich aktiv f\u00fcr den \u00dcbergang zu einer kohlenstoff\u00e4rmeren Wirtschaft. Wir sind uns der Emissionen bewusst, die mit Privatjet-Reisen verbunden sind, und ergreifen die folgenden Ma\u00dfnahmen, um unsere T\u00e4tigkeit an den besten Umweltpraktiken auszurichten:<\/p>\n<\/div>\n<div class=\"x_elementToProof\" data-ogsc=\"rgb(0, 0, 0)\"><b data-ogsc=\"\">1. Kohlenstoff-Transparenz<\/b><\/div>\n<ul data-spread=\"false\">\n<li data-ogsc=\"rgb(0, 0, 0)\">\n<div role=\"presentation\" data-ogsc=\"\">Wir stellen unseren Kunden auf Anfrage Sch\u00e4tzungen zum CO2-Fu\u00dfabdruck pro Flug zur Verf\u00fcgung.<\/div>\n<\/li>\n<li data-ogsc=\"rgb(0, 0, 0)\">\n<div role=\"presentation\" data-ogsc=\"\">Wir arbeiten mit gepr\u00fcften Anbietern von Kompensationsma\u00dfnahmen zusammen, um weltweit Projekte in den Bereichen Wiederaufforstung, erneuerbare Energien und Naturschutz zu unterst\u00fctzen.<\/div>\n<\/li>\n<\/ul>\n<div class=\"x_elementToProof\" data-ogsc=\"rgb(0, 0, 0)\"><b data-ogsc=\"\">2. Nachhaltiger Flugkraftstoff (SAF)<\/b><\/div>\n<ul data-spread=\"false\">\n<li data-ogsc=\"rgb(0, 0, 0)\">\n<div role=\"presentation\" data-ogsc=\"\">Wir befinden uns in aktiven Gespr\u00e4chen mit SAF-Anbietern und -Betreibern, um dort, wo es m\u00f6glich ist, nachhaltige Brennstoffe einzubinden.<\/div>\n<\/li>\n<li data-ogsc=\"rgb(0, 0, 0)\">\n<div role=\"presentation\" data-ogsc=\"\">Wir wollen Betreibern den Vorzug geben, die nachweislich SAF nutzen und umweltbewusst handeln.<\/div>\n<\/li>\n<\/ul>\n<div class=\"x_elementToProof\" data-ogsc=\"rgb(0, 0, 0)\"><b data-ogsc=\"\">3. Standards f\u00fcr die Effizienz von Luftfahrzeugen<\/b><\/div>\n<ul data-spread=\"false\">\n<li data-ogsc=\"rgb(0, 0, 0)\">\n<div role=\"presentation\" data-ogsc=\"\">In unserem Charternetz bevorzugen wir treibstoffeffiziente Flugzeuge der neueren Generation.<\/div>\n<\/li>\n<li data-ogsc=\"rgb(0, 0, 0)\">\n<div role=\"presentation\" data-ogsc=\"\">Wir f\u00fchren interne Audits der Betreiberflotten durch, um die Effizienz und die Emissionsleistung zu ermitteln.<\/div>\n<\/li>\n<\/ul>\n<div class=\"x_elementToProof\" data-ogsc=\"rgb(0, 0, 0)\"><b data-ogsc=\"\">4. Nachhaltige Partnerschaften<\/b><\/div>\n<ul data-spread=\"false\">\n<li data-ogsc=\"rgb(0, 0, 0)\">\n<div role=\"presentation\" data-ogsc=\"\">Wir sind dabei, die Mitgliedschaft bei der International Emissions Trading Association (IETA) zu beantragen.<\/div>\n<\/li>\n<li data-ogsc=\"rgb(0, 0, 0)\">\n<div role=\"presentation\" data-ogsc=\"\">Wir arbeiten mit umweltbewussten Partnern aus dem Hotel- und Gastst\u00e4ttengewerbe und dem Transportwesen zusammen, um integrierte, umweltfreundlichere Luxusreisen zu entwickeln.<\/div>\n<\/li>\n<\/ul>\n<div class=\"x_elementToProof\" data-ogsc=\"rgb(0, 0, 0)\"><b data-ogsc=\"\">5. Bildung und Einbindung der Kunden<\/b><\/div>\n<ul data-spread=\"false\">\n<li data-ogsc=\"rgb(0, 0, 0)\">\n<div role=\"presentation\" data-ogsc=\"\">Wir bieten optionale Ausgleichsm\u00f6glichkeiten f\u00fcr jeden Flug.<\/div>\n<\/li>\n<li data-ogsc=\"rgb(0, 0, 0)\">\n<div role=\"presentation\" data-ogsc=\"\">Wir stellen unseren Kunden Erkenntnisse und Ressourcen im Bereich der Nachhaltigkeit zur Verf\u00fcgung und ermutigen sie, fundierte Entscheidungen zu treffen.<\/div>\n<\/li>\n<\/ul>\n<hr \/>\n<h2 class=\"x_elementToProof\" data-ogsc=\"rgb(0, 0, 0)\"><b data-ogsc=\"\"><\/b><\/h2>\n<h2 class=\"x_elementToProof\" data-ogsc=\"rgb(0, 0, 0)\"><b data-ogsc=\"\"><\/b><\/h2>\n<h2 class=\"x_elementToProof\" data-ogsc=\"rgb(0, 0, 0)\"><b data-ogsc=\"\">Zukunftsweisende Ziele<\/b><\/h2>\n<ul data-spread=\"false\">\n<li data-ogsc=\"rgb(0, 0, 0)\">\n<div role=\"presentation\" data-ogsc=\"\">Einf\u00fchrung eines offiziellen Nachhaltigkeitsberichts im Jahr 2026.<\/div>\n<\/li>\n<li data-ogsc=\"rgb(0, 0, 0)\">\n<div role=\"presentation\" data-ogsc=\"\">Partnerschaften mit SAF-Anbietern f\u00fcr garantierte SAF-gest\u00fctzte Reiserouten.<\/div>\n<\/li>\n<li data-ogsc=\"rgb(0, 0, 0)\">\n<div role=\"presentation\" data-ogsc=\"\">Entwicklung eines von einem Concierge geleiteten gr\u00fcnen Charterprogramms.<\/div>\n<\/li>\n<li data-ogsc=\"rgb(0, 0, 0)\">\n<div role=\"presentation\" data-ogsc=\"\">Investitionen in Initiativen f\u00fcr eine saubere Luftfahrt als Teil unserer langfristigen Strategie.<\/div>\n<\/li>\n<\/ul>\n<hr \/>\n<h2 class=\"x_elementToProof\" data-ogsc=\"rgb(0, 0, 0)\"><b data-ogsc=\"\"><\/b><\/h2>\n<h2 class=\"x_elementToProof\" data-ogsc=\"rgb(0, 0, 0)\"><b data-ogsc=\"\"><\/b><\/h2>\n<h2 class=\"x_elementToProof\" data-ogsc=\"rgb(0, 0, 0)\"><b data-ogsc=\"\">Kontakt &amp; Fragen<\/b><\/h2>\n<div class=\"x_elementToProof\" data-ogsc=\"rgb(0, 0, 0)\">Wir begr\u00fc\u00dfen das Feedback und die Mitarbeit von Kunden, Partnern und der \u00d6ffentlichkeit.<\/div>\n<div class=\"x_elementToProof\" data-ogsc=\"rgb(0, 0, 0)\"><b data-ogsc=\"\">E-Mail:<\/b>\u00a0<a href=\"mailto:sustainability@cieljets.com\" target=\"_blank\" rel=\"noopener\">sustainability@cieljets.com<\/a><br \/>\n<b data-ogsc=\"\">Telefon:<\/b>\u00a0<a href=\"tel:15618957000\">+1 561-895-7000<\/a><\/div>\n<hr \/>\n<div class=\"x_elementToProof\" data-ogsc=\"rgb(0, 0, 0)\"><em><b data-ogsc=\"\" ><\/p>\n<p style=\"display: inline;\">Haftungsausschluss:<\/p>\n<p>\u00a0<\/p>\n<h5 style=\"display: inline;\">Ciel Jets<\/h5>\n<p style=\"display: inline;\"> ist ein Chartervermittler, kein direktes Luftfahrtunternehmen. Alle Charterfl\u00fcge werden von FAA-lizensierten Fluggesellschaften (Part 135) oder deren internationalen \u00c4quivalenten durchgef\u00fchrt. Nachhaltigkeitsma\u00dfnahmen werden in Abstimmung mit unseren Netzwerkpartnern durchgef\u00fchrt.<\/em><\/div>\n<p>[\/et_pb_text][\/et_pb_column][\/et_pb_row][\/et_pb_section]<\/p>","protected":false},"excerpt":{"rendered":"<p>Last Updated: July 30, 2025 \u00a0 Climate Impact &amp; Environmental Commitment Disclosure AtCiel Jets , we recognize that the future of private aviation must be balanced with urgent climate realities. As a luxury private aviation company, we are committed to pursuing transparency, responsibility, and innovation to help mitigate our environmental impact and contribute to a [&hellip;]<\/p>","protected":false},"author":1,"featured_media":0,"parent":0,"menu_order":0,"comment_status":"closed","ping_status":"closed","template":"","meta":{"_et_pb_use_builder":"on","_et_pb_old_content":"","_et_gb_content_width":"","_monsterinsights_skip_tracking":false,"_monsterinsights_sitenote_active":false,"_monsterinsights_sitenote_note":"","_monsterinsights_sitenote_category":0,"footnotes":""},"dipi_cpt_category":[],"class_list":["post-987500692","page","type-page","status-publish","hentry"],"aioseo_notices":[],"_links":{"self":[{"href":"https:\/\/www.cieljets.com\/de\/wp-json\/wp\/v2\/pages\/987500692","targetHints":{"allow":["GET"]}}],"collection":[{"href":"https:\/\/www.cieljets.com\/de\/wp-json\/wp\/v2\/pages"}],"about":[{"href":"https:\/\/www.cieljets.com\/de\/wp-json\/wp\/v2\/types\/page"}],"author":[{"embeddable":true,"href":"https:\/\/www.cieljets.com\/de\/wp-json\/wp\/v2\/users\/1"}],"replies":[{"embeddable":true,"href":"https:\/\/www.cieljets.com\/de\/wp-json\/wp\/v2\/comments?post=987500692"}],"version-history":[{"count":0,"href":"https:\/\/www.cieljets.com\/de\/wp-json\/wp\/v2\/pages\/987500692\/revisions"}],"wp:attachment":[{"href":"https:\/\/www.cieljets.com\/de\/wp-json\/wp\/v2\/media?parent=987500692"}],"wp:term":[{"taxonomy":"dipi_cpt_category","embeddable":true,"href":"https:\/\/www.cieljets.com\/de\/wp-json\/wp\/v2\/dipi_cpt_category?post=987500692"}],"curies":[{"name":"wp","href":"https:\/\/api.w.org\/{rel}","templated":true}]}}