{"id":3,"date":"2025-07-09T17:58:17","date_gmt":"2025-07-09T17:58:17","guid":{"rendered":"https:\/\/www.cieljets.com\/?page_id=3"},"modified":"2025-12-03T06:05:41","modified_gmt":"2025-12-03T06:05:41","slug":"privacy-policy","status":"publish","type":"page","link":"https:\/\/www.cieljets.com\/de\/privacy-policy\/","title":{"rendered":"Privacy Policy"},"content":{"rendered":"<p>[et_pb_section fb_built=&#8221;1&#8243; _builder_version=&#8221;4.27.4&#8243; _module_preset=&#8221;default&#8221; background_color=&#8221;#0F132A&#8221; global_colors_info=&#8221;{}&#8221; da_is_popup=&#8221;off&#8221; da_exit_intent=&#8221;off&#8221; da_has_close=&#8221;on&#8221; da_alt_close=&#8221;off&#8221; da_dark_close=&#8221;off&#8221; da_not_modal=&#8221;on&#8221; da_is_singular=&#8221;off&#8221; da_with_loader=&#8221;off&#8221; da_has_shadow=&#8221;on&#8221; da_disable_devices=&#8221;off|off|off&#8221;][et_pb_row _builder_version=&#8221;4.27.4&#8243; _module_preset=&#8221;default&#8221; custom_margin=&#8221;10vh||||false|false&#8221; global_colors_info=&#8221;{}&#8221;][et_pb_column type=&#8221;4_4&#8243; _builder_version=&#8221;4.27.4&#8243; _module_preset=&#8221;default&#8221; global_colors_info=&#8221;{}&#8221;][et_pb_text _builder_version=&#8221;4.27.4&#8243; _module_preset=&#8221;default&#8221; text_font=&#8221;Josefin Sans||||||||&#8221; text_text_color=&#8221;#FFFFFF&#8221; text_font_size=&#8221;18px&#8221; header_font=&#8221;Prata||||||||&#8221; header_text_color=&#8221;#DBB13B&#8221; header_2_font=&#8221;Josefin Sans||||||||&#8221; header_2_text_color=&#8221;#DBB13B&#8221; global_colors_info=&#8221;{}&#8221;]<\/p>\n<p><em>22. Juli 2025<\/em><\/p>\n<p><strong>\u00a0<\/strong><\/p>\n<h1><strong>Datenschutzbestimmungen<\/strong><\/h1>\n<p>Ciel Jets (\"wir\", \"unser\" oder \"uns\") verpflichtet sich, Ihre Privatsph\u00e4re zu sch\u00fctzen. In dieser Datenschutzrichtlinie wird erl\u00e4utert, wie wir Ihre Daten erfassen, verwenden, offenlegen und sch\u00fctzen, wenn Sie unsere Website oder unsere mobile Anwendung besuchen oder anderweitig mit unseren Dienstleistungen interagieren (zusammenfassend als \"Website\" bezeichnet).<\/p>\n<p>Durch die Nutzung der Website erkl\u00e4ren Sie sich mit den Bedingungen dieser Datenschutzrichtlinie einverstanden.<\/p>\n<h2><strong>Gesammelte Informationen<\/strong><\/h2>\n<p>Wir k\u00f6nnen die folgenden Kategorien von Informationen sammeln:<\/p>\n<p><strong>a) Pers\u00f6nliche Informationen<\/strong><\/p>\n<ul>\n<li>Name, E-Mail-Adresse, Telefonnummer, Rechnungsadresse, Telefonnummer, usw.<\/li>\n<li>Personalausweis oder Reisedokumente (sofern f\u00fcr Flugbuchungen erforderlich)<\/li>\n<li>Zahlungs- und Rechnungsinformationen<\/li>\n<\/ul>\n<p><strong>b) Nutzungsdaten<\/strong><\/p>\n<ul>\n<li>Browsertyp, IP-Adresse, verweisende URLs, aufgerufene Seiten, Verweildauer auf der Website, Klicks, usw.<\/li>\n<\/ul>\n<p><strong>c) Ger\u00e4teinformationen<\/strong><\/p>\n<ul>\n<li>Ger\u00e4tetyp, Betriebssystem, eindeutige Ger\u00e4tekennungen<\/li>\n<\/ul>\n<p><strong>d) Cookies und Tracking-Technologien<\/strong><\/p>\n<ul>\n<li>Siehe unsere Cookie-Richtlinie f\u00fcr Details (unten)<\/li>\n<\/ul>\n<h2><strong>Wie wir Ihre Informationen verwenden<\/strong><\/h2>\n<p>Wir verwenden die von uns gesammelten Informationen f\u00fcr die folgenden Zwecke:<\/p>\n<ul>\n<li>Zur Bereitstellung und Verwaltung Ihrer Buchungen<\/li>\n<li>Verarbeitung von Zahlungen und Bearbeitung von Anfragen<\/li>\n<li>Um unsere Website, Dienstleistungen und unser Marketing zu verbessern<\/li>\n<li>Zum Versenden von Transaktions-E-Mails, Newslettern und Werbemitteilungen<\/li>\n<li>Einhaltung rechtlicher Verpflichtungen und Verhinderung von Betrug<\/li>\n<li>No mobile opt-in or text message consent will be shared with third parties\u00a0or\u00a0affiliates.<\/li>\n<\/ul>\n<p>Ihre Informationen, ob mobil oder nicht, werden niemals au\u00dferhalb von Ciel Jets weitergegeben. Alle von dieser Anwendung gesammelten Daten bleiben auf Ihrem Ger\u00e4t und werden niemals an Dritte weitergegeben.<\/p>\n<h2><strong>Rechtsgrundlage f\u00fcr die Verarbeitung (GDPR)<\/strong><\/h2>\n<p>F\u00fcr Nutzer im Europ\u00e4ischen Wirtschaftsraum (EWR) verarbeiten wir Ihre Daten auf den folgenden Rechtsgrundlagen:<\/p>\n<ul>\n<li>Ihre Zustimmung<\/li>\n<li>Erf\u00fcllung eines Vertrags<\/li>\n<li>Einhaltung der rechtlichen Verpflichtungen<\/li>\n<li>Unsere legitimen Gesch\u00e4ftsinteressen (z. B. Verbesserung von Dienstleistungen, Betrugspr\u00e4vention)<\/li>\n<\/ul>\n<h2><strong>Offenlegung von Informationen<\/strong><\/h2>\n<p>Wir k\u00f6nnen Ihre Informationen weitergeben an:<\/p>\n<ul>\n<li>Vertrauensw\u00fcrdige Drittdienstleister (z. B. Fluggesellschaften, Zahlungsabwickler)<\/li>\n<li>Rechtliche Beh\u00f6rden, wenn dies gesetzlich vorgeschrieben ist<\/li>\n<li>Marketing- oder Analytik-Anbieter (aggregiert und anonymisiert, wo m\u00f6glich)<\/li>\n<li>Im Zusammenhang mit einer Unternehmens\u00fcbertragung (z. B. Fusion, \u00dcbernahme)<\/li>\n<\/ul>\n<p>Wir verkaufen Ihre pers\u00f6nlichen Daten nicht im Sinne des California Consumer Privacy Act (CCPA\/CPRA).<\/p>\n<h2><strong>Ihre Datenschutzrechte<\/strong><\/h2>\n<p><strong>a) GDPR - EU\/EWR-Anwohner<\/strong><\/p>\n<p>Sie haben das Recht dazu:<\/p>\n<ul>\n<li>Zugang, Berichtigung oder L\u00f6schung Ihrer pers\u00f6nlichen Daten<\/li>\n<li>Widerspruch gegen die Verarbeitung oder Antrag auf Einschr\u00e4nkung<\/li>\n<li>\u00dcbertragbarkeit von Daten<\/li>\n<li>Zustimmung jederzeit widerrufen<\/li>\n<\/ul>\n<p>Um diese Rechte auszu\u00fcben, kontaktieren Sie uns unter <a href=\"mailto:Info@CielJets.com\">Info@CielJets.com<\/a><\/p>\n<p><strong>b) CCPA\/CPRA - Einwohner von Kalifornien<\/strong><\/p>\n<p>Sie haben das Recht dazu:<\/p>\n<ul>\n<li>Sie wissen, welche pers\u00f6nlichen Daten wir sammeln und wie sie verwendet werden<\/li>\n<li>Beantragen Sie die L\u00f6schung Ihrer Daten<\/li>\n<li>Ablehnung der \"Weitergabe\" oder des \"Verkaufs\" von Daten<\/li>\n<li>Richtigstellung ungenauer Informationen<\/li>\n<li>Nicht-Diskriminierung bei der Aus\u00fcbung Ihrer Rechte<\/li>\n<\/ul>\n<p>Um eine Anfrage zu stellen, senden Sie eine E-Mail an <a href=\"mailto:info@CielJets.com\" target=\"_blank\" rel=\"noopener\">info@CielJets.com<\/a><\/p>\n<h2><strong>Datenschutz f\u00fcr Kinder (COPPA)<\/strong><\/h2>\n<p>Wir erfassen nicht wissentlich personenbezogene Daten von Kindern unter 13 Jahren. Wenn Sie als Elternteil oder Erziehungsberechtigter glauben, dass Ihr Kind uns personenbezogene Daten zur Verf\u00fcgung gestellt hat, wenden Sie sich bitte umgehend an uns, damit wir diese Daten entfernen k\u00f6nnen.<\/p>\n<h2><strong>E-Mail-Kommunikation (CAN-SPAM-Konformit\u00e4t)<\/strong><\/h2>\n<p>Wenn Sie Marketing-E-Mails von Ciel Jets erhalten:<\/p>\n<ul>\n<li>Sie k\u00f6nnen sich jederzeit \u00fcber den Link \"Abmelden\" in der E-Mail abmelden.<\/li>\n<li>Wir senden E-Mails nur an Benutzer, die sich daf\u00fcr entscheiden oder eine Gesch\u00e4ftsbeziehung mit uns haben.<\/li>\n<li>Wir beantworten Abmeldeanfragen umgehend und versenden keine irref\u00fchrenden Kopfzeilen oder Inhalte.<\/li>\n<\/ul>\n<h2><strong>Datensicherheit<\/strong><\/h2>\n<p>Wir setzen geeignete technische und organisatorische Ma\u00dfnahmen zum Schutz Ihrer Daten ein. Allerdings ist kein \u00dcbertragungs- oder Speicherungsverfahren vollkommen sicher, und wir k\u00f6nnen keine absolute Sicherheit garantieren.<\/p>\n<h2><strong>Internationale \u00dcberweisungen<\/strong><\/h2>\n<p>Ihre Daten k\u00f6nnen in L\u00e4ndern au\u00dferhalb Ihrer Gerichtsbarkeit, einschlie\u00dflich der Vereinigten Staaten und Kanada, verarbeitet werden, in denen m\u00f6glicherweise andere Datenschutzgesetze gelten. Wir stellen sicher, dass angemessene Sicherheitsvorkehrungen getroffen werden, sofern dies gesetzlich vorgeschrieben ist.<\/p>\n<h2><strong>Aufbewahrung von Daten<\/strong><\/h2>\n<p>Wir bewahren Ihre Daten nur so lange auf, wie es f\u00fcr die Erf\u00fcllung der in dieser Richtlinie genannten Zwecke erforderlich ist, oder wie es gesetzlich vorgeschrieben ist, einschlie\u00dflich der Buchhaltungs- und gesetzlichen Aufbewahrungspflichten.<\/p>\n<h2><strong>Links von Drittanbietern<\/strong><\/h2>\n<p>Unsere Website kann Links zu Websites oder Diensten Dritter enthalten. Wir sind nicht verantwortlich f\u00fcr die Datenschutzpraktiken oder Inhalte dieser Dritten.<\/p>\n<p>\u200d<\/p>\n<h2><strong>Politische Aktualisierungen<\/strong><\/h2>\n<p>Wir k\u00f6nnen diese Datenschutzrichtlinie von Zeit zu Zeit aktualisieren. Wenn wir dies tun, aktualisieren wir das obige \"Datum des Inkrafttretens\". Wenn Sie die Website nach einer \u00c4nderung weiterhin nutzen, erkl\u00e4ren Sie sich mit der \u00fcberarbeiteten Richtlinie einverstanden.<\/p>\n<h2><strong>Kontakt<\/strong><\/h2>\n<p>Wenn Sie Fragen oder Bedenken zu dieser Datenschutzrichtlinie oder zum Umgang mit Ihren pers\u00f6nlichen Daten haben, wenden Sie sich bitte an uns:<\/p>\n<p><strong>Ciel Jets<\/strong><br \/>324 Royal Palm Way, 3<sup>rd<\/sup> Stock, Palm Beach FL 33480<br \/><a href=\"mailto:info@CielJets.com\">Info@CielJets.com<\/a><\/p>\n<p>[\/et_pb_text][et_pb_text module_id=&#8221;cookies&#8221; _builder_version=&#8221;4.27.4&#8243; _module_preset=&#8221;default&#8221; text_font=&#8221;Josefin Sans||||||||&#8221; text_text_color=&#8221;#FFFFFF&#8221; text_font_size=&#8221;18px&#8221; header_font=&#8221;Prata||||||||&#8221; header_text_color=&#8221;#DBB13B&#8221; header_2_font=&#8221;Josefin Sans||||||||&#8221; header_2_text_color=&#8221;#DBB13B&#8221; global_colors_info=&#8221;{}&#8221;]<\/p>\n<p>&nbsp;<\/p>\n<h1><strong>Cookies-Politik<\/strong><\/h1>\n<p>In dieser Cookie-Richtlinie wird erl\u00e4utert, wie Ciel Jets (\"wir\", \"uns\" oder \"unser\") Cookies und \u00e4hnliche Technologien auf unserer Website und unseren Plattformen (zusammenfassend die \"Website\") verwendet.<\/p>\n<p>Durch die Nutzung der Website erkl\u00e4ren Sie sich mit der Verwendung von Cookies wie in dieser Richtlinie beschrieben einverstanden.<\/p>\n<h2><strong>Was sind Cookies?<\/strong><\/h2>\n<p>Cookies sind kleine Textdateien, die auf Ihrem Ger\u00e4t gespeichert werden, wenn Sie eine Website besuchen. Sie helfen der Website, sich an Ihre Pr\u00e4ferenzen und Aktivit\u00e4ten zu erinnern (z. B. Anmeldung, Auswahl der Region oder Browsing-Verhalten), um Ihr Erlebnis zu verbessern.<\/p>\n<h2><strong>Arten von Cookies, die wir verwenden<\/strong><\/h2>\n<ul>\n<li><strong>Unverzichtbare Cookies<\/strong><br \/>Diese Cookies sind f\u00fcr das ordnungsgem\u00e4\u00dfe Funktionieren der Website erforderlich und k\u00f6nnen in unseren Systemen nicht deaktiviert werden. Sie beinhalten Funktionen wie die Anmeldeauthentifizierung, die Navigation und den Zugang zu sicheren Bereichen.<\/li>\n<li><strong>Leistungs- und Analyse-Cookies<\/strong><br \/>Diese Cookies sammeln Informationen dar\u00fcber, wie Besucher mit der Website interagieren. Wir verwenden Tools wie Google Analytics, um Nutzungsmuster zu verfolgen und unsere Dienste zu verbessern.<\/li>\n<li><strong>Funktionalit\u00e4t Cookies<\/strong><br \/>Diese Cookies speichern die von Ihnen getroffenen Entscheidungen (z. B. Ihren Standort oder Ihre Sprache), um Ihre Erfahrungen auf der Website zu personalisieren.<\/li>\n<li><strong>Targeting\/Werbung Cookies<\/strong><br \/>Diese Cookies verfolgen die Surfgewohnheiten, um personalisierte Werbung und Marketingbotschaften zu liefern, die Ihren Interessen entsprechen, sowohl auf unserer Plattform als auch au\u00dferhalb.<\/li>\n<\/ul>\n<h2><strong>Wie wir Cookies verwenden<\/strong><\/h2>\n<p>Wir verwenden Cookies um:<\/p>\n<ul>\n<li>Sichere Anmeldesitzungen aufrechterhalten<\/li>\n<li>Analysieren Sie den Website-Verkehr und das Nutzungsverhalten<\/li>\n<li>Verbesserung unserer Dienstleistungen und unseres Marketings<\/li>\n<li>Passen Sie Ihr Benutzererlebnis an<\/li>\n<li>Verfolgung der Leistung von Werbekampagnen<\/li>\n<\/ul>\n<h2><strong>Cookies von Drittanbietern<\/strong><\/h2>\n<p>Einige Cookies k\u00f6nnen von Drittanbietern platziert werden, die auf unseren Seiten erscheinen, einschlie\u00dflich sozialer Mediennetzwerke, Werbepartner und Analyseanbieter. Diese Dritten k\u00f6nnen unabh\u00e4ngig und gem\u00e4\u00df ihren eigenen Datenschutzrichtlinien Cookies verwenden.<\/p>\n<h2><strong>Ihre Wahlm\u00f6glichkeiten und Kontrolle<\/strong><\/h2>\n<p>Sie k\u00f6nnen Cookies \u00fcber Ihre Browsereinstellungen kontrollieren oder l\u00f6schen. Bei den meisten Browsern k\u00f6nnen Sie Cookies ganz oder f\u00fcr einzelne Websites blockieren oder l\u00f6schen. Die Deaktivierung wichtiger Cookies kann jedoch Ihre F\u00e4higkeit beeintr\u00e4chtigen, bestimmte Funktionen der Website zu nutzen.<\/p>\n<p>F\u00fcr weitere Informationen zur Verwaltung von Cookies:<\/p>\n<ul>\n<li><a href=\"https:\/\/jettly.com\/cookies-policy\">Google Chrome<\/a><\/li>\n<li><a href=\"https:\/\/support.mozilla.org\/en-US\/kb\/enable-and-disable-cookies-website-preferences\">Mozilla Firefox<\/a><\/li>\n<li><a href=\"https:\/\/support.apple.com\/en-us\/HT201265\">Safari<\/a><\/li>\n<li><a href=\"https:\/\/support.microsoft.com\/en-us\/help\/4027947\/microsoft-edge-delete-cookies\">Microsoft Edge<\/a><\/li>\n<\/ul>\n<h2><strong>\u00c4nderungen an dieser Politik<\/strong><\/h2>\n<p>Wir k\u00f6nnen diese Cookie-Richtlinie von Zeit zu Zeit aktualisieren. Aktualisierungen werden auf dieser Seite mit einem ge\u00e4nderten \"Datum des Inkrafttretens\" ver\u00f6ffentlicht. Durch die fortgesetzte Nutzung der Website erkl\u00e4ren Sie sich mit allen \u00c4nderungen einverstanden.<\/p>\n<h2><strong>Kontakt<\/strong><\/h2>\n<p>Wenn Sie Fragen zu unserer Verwendung von Cookies haben, wenden Sie sich bitte an uns:\u00a0<a href=\"mailto:info@CielJets.com\">Info@CielJets.com<\/a><\/p>\n<p>[\/et_pb_text][\/et_pb_column][\/et_pb_row][\/et_pb_section]<\/p>","protected":false},"excerpt":{"rendered":"<p>July 22, 2025 \u00a0 Privacy\u00a0Policy Ciel Jets (\u201cwe\u201d, \u201cour\u201d, or \u201cus\u201d) is committed to protecting your privacy. This Privacy Policy explains how we collect, use, disclose, and safeguard your information when you visit our website, mobile application, or otherwise interact with our services (collectively, the \u201cSite\u201d). By using the Site, you agree to the terms [&hellip;]<\/p>","protected":false},"author":1,"featured_media":0,"parent":0,"menu_order":0,"comment_status":"closed","ping_status":"open","template":"","meta":{"_et_pb_use_builder":"on","_et_pb_old_content":"<!-- wp:heading -->\n<h2 class=\"wp-block-heading\">Who we are<\/h2>\n<!-- \/wp:heading -->\n<!-- wp:paragraph -->\n<p><strong class=\"privacy-policy-tutorial\">Suggested text: <\/strong>Our website address is: https:\/\/www.cieljets.com.<\/p>\n<!-- \/wp:paragraph -->\n<!-- wp:heading -->\n<h2 class=\"wp-block-heading\">Comments<\/h2>\n<!-- \/wp:heading -->\n<!-- wp:paragraph -->\n<p><strong class=\"privacy-policy-tutorial\">Suggested text: <\/strong>When visitors leave comments on the site we collect the data shown in the comments form, and also the visitor&#8217;s IP address and browser user agent string to help spam detection.<\/p>\n<!-- \/wp:paragraph -->\n<!-- wp:paragraph -->\n<p>An anonymized string created from your email address (also called a hash) may be provided to the Gravatar service to see if you are using it. The Gravatar service privacy policy is available here: https:\/\/automattic.com\/privacy\/. After approval of your comment, your profile picture is visible to the public in the context of your comment.<\/p>\n<!-- \/wp:paragraph -->\n<!-- wp:heading -->\n<h2 class=\"wp-block-heading\">Media<\/h2>\n<!-- \/wp:heading -->\n<!-- wp:paragraph -->\n<p><strong class=\"privacy-policy-tutorial\">Suggested text: <\/strong>If you upload images to the website, you should avoid uploading images with embedded location data (EXIF GPS) included. Visitors to the website can download and extract any location data from images on the website.<\/p>\n<!-- \/wp:paragraph -->\n<!-- wp:heading -->\n<h2 class=\"wp-block-heading\">Cookies<\/h2>\n<!-- \/wp:heading -->\n<!-- wp:paragraph -->\n<p><strong class=\"privacy-policy-tutorial\">Suggested text: <\/strong>If you leave a comment on our site you may opt-in to saving your name, email address and website in cookies. These are for your convenience so that you do not have to fill in your details again when you leave another comment. These cookies will last for one year.<\/p>\n<!-- \/wp:paragraph -->\n<!-- wp:paragraph -->\n<p>If you visit our login page, we will set a temporary cookie to determine if your browser accepts cookies. This cookie contains no personal data and is discarded when you close your browser.<\/p>\n<!-- \/wp:paragraph -->\n<!-- wp:paragraph -->\n<p>When you log in, we will also set up several cookies to save your login information and your screen display choices. Login cookies last for two days, and screen options cookies last for a year. If you select &quot;Remember Me&quot;, your login will persist for two weeks. If you log out of your account, the login cookies will be removed.<\/p>\n<!-- \/wp:paragraph -->\n<!-- wp:paragraph -->\n<p>If you edit or publish an article, an additional cookie will be saved in your browser. This cookie includes no personal data and simply indicates the post ID of the article you just edited. It expires after 1 day.<\/p>\n<!-- \/wp:paragraph -->\n<!-- wp:heading -->\n<h2 class=\"wp-block-heading\">Embedded content from other websites<\/h2>\n<!-- \/wp:heading -->\n<!-- wp:paragraph -->\n<p><strong class=\"privacy-policy-tutorial\">Suggested text: <\/strong>Articles on this site may include embedded content (e.g. videos, images, articles, etc.). Embedded content from other websites behaves in the exact same way as if the visitor has visited the other website.<\/p>\n<!-- \/wp:paragraph -->\n<!-- wp:paragraph -->\n<p>These websites may collect data about you, use cookies, embed additional third-party tracking, and monitor your interaction with that embedded content, including tracking your interaction with the embedded content if you have an account and are logged in to that website.<\/p>\n<!-- \/wp:paragraph -->\n<!-- wp:heading -->\n<h2 class=\"wp-block-heading\">Who we share your data with<\/h2>\n<!-- \/wp:heading -->\n<!-- wp:paragraph -->\n<p><strong class=\"privacy-policy-tutorial\">Suggested text: <\/strong>If you request a password reset, your IP address will be included in the reset email.<\/p>\n<!-- \/wp:paragraph -->\n<!-- wp:heading -->\n<h2 class=\"wp-block-heading\">How long we retain your data<\/h2>\n<!-- \/wp:heading -->\n<!-- wp:paragraph -->\n<p><strong class=\"privacy-policy-tutorial\">Suggested text: <\/strong>If you leave a comment, the comment and its metadata are retained indefinitely. This is so we can recognize and approve any follow-up comments automatically instead of holding them in a moderation queue.<\/p>\n<!-- \/wp:paragraph -->\n<!-- wp:paragraph -->\n<p>For users that register on our website (if any), we also store the personal information they provide in their user profile. All users can see, edit, or delete their personal information at any time (except they cannot change their username). Website administrators can also see and edit that information.<\/p>\n<!-- \/wp:paragraph -->\n<!-- wp:heading -->\n<h2 class=\"wp-block-heading\">What rights you have over your data<\/h2>\n<!-- \/wp:heading -->\n<!-- wp:paragraph -->\n<p><strong class=\"privacy-policy-tutorial\">Suggested text: <\/strong>If you have an account on this site, or have left comments, you can request to receive an exported file of the personal data we hold about you, including any data you have provided to us. You can also request that we erase any personal data we hold about you. This does not include any data we are obliged to keep for administrative, legal, or security purposes.<\/p>\n<!-- \/wp:paragraph -->\n<!-- wp:heading -->\n<h2 class=\"wp-block-heading\">Where your data is sent<\/h2>\n<!-- \/wp:heading -->\n<!-- wp:paragraph -->\n<p><strong class=\"privacy-policy-tutorial\">Suggested text: <\/strong>Visitor comments may be checked through an automated spam detection service.<\/p>\n<!-- \/wp:paragraph -->\n","_et_gb_content_width":"","_monsterinsights_skip_tracking":false,"_monsterinsights_sitenote_active":false,"_monsterinsights_sitenote_note":"","_monsterinsights_sitenote_category":0,"footnotes":""},"dipi_cpt_category":[],"class_list":["post-3","page","type-page","status-publish","hentry"],"aioseo_notices":[],"_links":{"self":[{"href":"https:\/\/www.cieljets.com\/de\/wp-json\/wp\/v2\/pages\/3","targetHints":{"allow":["GET"]}}],"collection":[{"href":"https:\/\/www.cieljets.com\/de\/wp-json\/wp\/v2\/pages"}],"about":[{"href":"https:\/\/www.cieljets.com\/de\/wp-json\/wp\/v2\/types\/page"}],"author":[{"embeddable":true,"href":"https:\/\/www.cieljets.com\/de\/wp-json\/wp\/v2\/users\/1"}],"replies":[{"embeddable":true,"href":"https:\/\/www.cieljets.com\/de\/wp-json\/wp\/v2\/comments?post=3"}],"version-history":[{"count":1,"href":"https:\/\/www.cieljets.com\/de\/wp-json\/wp\/v2\/pages\/3\/revisions"}],"predecessor-version":[{"id":987501292,"href":"https:\/\/www.cieljets.com\/de\/wp-json\/wp\/v2\/pages\/3\/revisions\/987501292"}],"wp:attachment":[{"href":"https:\/\/www.cieljets.com\/de\/wp-json\/wp\/v2\/media?parent=3"}],"wp:term":[{"taxonomy":"dipi_cpt_category","embeddable":true,"href":"https:\/\/www.cieljets.com\/de\/wp-json\/wp\/v2\/dipi_cpt_category?post=3"}],"curies":[{"name":"wp","href":"https:\/\/api.w.org\/{rel}","templated":true}]}}